{"id":100,"date":"2019-02-25T22:49:32","date_gmt":"2019-02-25T22:49:32","guid":{"rendered":"https:\/\/fepavco.com\/site\/?page_id=100"},"modified":"2024-11-28T20:06:08","modified_gmt":"2024-11-28T20:06:08","slug":"ahorro","status":"publish","type":"page","link":"https:\/\/fepavco.com\/site\/ahorro\/","title":{"rendered":"Sistema de ahorro"},"content":{"rendered":"[vc_row][vc_column][\/vc_column][\/vc_row][vc_row][vc_column][vc_separator][\/vc_column][\/vc_row][vc_row][vc_column width=&#8221;1\/3&#8243;][vc_single_image image=&#8221;1979&#8243; img_size=&#8221;550 x 500&#8243;][\/vc_column][vc_column width=&#8221;2\/3&#8243;][vc_wp_text]\n<h1>Ahorro obligatorio<\/h1>\n[\/vc_wp_text][mk_custom_list]\n<ul>\n<li><span style=\"color: #000000;\">Para el asociado que devengue hasta 1.2 S.M.M.L.V el aporte m\u00ednimo es del 3% de un S.M.M.L.V sin exceder el diez por ciento (10%) del salario del asociado.<\/span><\/li>\n<li><span style=\"color: #000000;\">Para el asociado que devengue un salario superior a 1.2 y hasta 1.5 S.M.M.L.V el aporte m\u00ednimo es del 6% de un S.M.M.L.V sin exceder el diez por ciento (10%) del salario del asociado.<\/span><\/li>\n<li><span style=\"color: #000000;\">Para el asociado que devengue un salario superior a 1.5 S.M.M.L.V el aporte m\u00ednimo es del 10% de un S.M.M.L.V sin exceder el diez por ciento (10%) del salario del asociado.<\/span><\/li>\n<li><span style=\"color: #000000;\">Los asociados en calidad de pensionados el aporte m\u00ednimo es del 6% de un S.M.M.L.V sin exceder el diez por ciento (10%) del salario del asociado.\u00a0<\/span><\/li>\n<\/ul>\n[\/mk_custom_list][vc_separator][\/vc_column][\/vc_row][vc_row][vc_column width=&#8221;2\/3&#8243;][vc_wp_text]\n<h1>Ahorro programado<\/h1>\n[\/vc_wp_text][vc_wp_text]<span style=\"color: #000000;\">Es una suma de dinero que el asociado titular se compromete a ahorrar de manera peri\u00f3dica y constante, por un tiempo determinado y al terminar este tiempo el asociado podr\u00e1 retirar el dinero con los intereses causados o podr\u00e1 prorrogar el tiempo. Es una excelente opci\u00f3n para planes espec\u00edficos que el asociado tenga.<\/span>[\/vc_wp_text][\/vc_column][vc_column width=&#8221;1\/3&#8243;][vc_single_image image=&#8221;1980&#8243; img_size=&#8221;full&#8221;][\/vc_column][\/vc_row][vc_row][vc_column width=&#8221;1\/3&#8243;][mk_padding_divider size=&#8221;30&#8243;][vc_single_image image=&#8221;1981&#8243; img_size=&#8221;350 x 300&#8243;][\/vc_column][vc_column width=&#8221;2\/3&#8243;][vc_separator][vc_column_text css=&#8221;.vc_custom_1722619839143{margin-bottom: 0px !important;}&#8221;]\n<h1 style=\"text-align: center;\"><span style=\"vertical-align: inherit;\"><span style=\"vertical-align: inherit;\"><span style=\"vertical-align: inherit;\"><span style=\"vertical-align: inherit;\"><span style=\"vertical-align: inherit;\"><span style=\"vertical-align: inherit;\">CDTA<\/span><\/span><\/span><\/span><\/span><\/span><\/h1>\n[\/vc_column_text][vc_wp_text]<span style=\"color: #000000;\"><span style=\"vertical-align: inherit;\"><span style=\"vertical-align: inherit;\"><span style=\"vertical-align: inherit;\"><span style=\"vertical-align: inherit;\"><span style=\"vertical-align: inherit;\"><span style=\"vertical-align: inherit;\"><span style=\"vertical-align: inherit;\"><span style=\"vertical-align: inherit;\"><span style=\"vertical-align: inherit;\"><span style=\"vertical-align: inherit;\"><span style=\"vertical-align: inherit;\"><span style=\"vertical-align: inherit;\">Se entiende por dep\u00f3sito de Ahorro a termino aquellas sumas de dinero que depositen los asociados, <\/span><\/span><\/span><\/span><\/span><\/span><\/span><\/span><\/span><\/span><\/span><\/span><\/span><span style=\"color: #000000;\"><span style=\"vertical-align: inherit;\"><span style=\"vertical-align: inherit;\"><span style=\"vertical-align: inherit;\"><span style=\"vertical-align: inherit;\"><span style=\"vertical-align: inherit;\"><span style=\"vertical-align: inherit;\"><span style=\"vertical-align: inherit;\"><span style=\"vertical-align: inherit;\"><span style=\"vertical-align: inherit;\"><span style=\"vertical-align: inherit;\"><span style=\"vertical-align: inherit;\"><span style=\"vertical-align: inherit;\">con el compromiso de ser devueltas por FEPAVCO al vencimiento de un periodo fijo establecido <\/span><\/span><\/span><\/span><\/span><\/span><\/span><\/span><\/span><\/span><\/span><\/span><\/span><span style=\"color: #000000;\"><span style=\"vertical-align: inherit;\"><span style=\"vertical-align: inherit;\"><span style=\"vertical-align: inherit;\"><span style=\"vertical-align: inherit;\"><span style=\"vertical-align: inherit;\"><span style=\"vertical-align: inherit;\"><span style=\"vertical-align: inherit;\"><span style=\"vertical-align: inherit;\"><span style=\"vertical-align: inherit;\"><span style=\"vertical-align: inherit;\"><span style=\"vertical-align: inherit;\"><span style=\"vertical-align: inherit;\">en el momento de constituirse el ahorro bajo la naturaleza del ahorro.<\/span><\/span><\/span><\/span><\/span><\/span><\/span><\/span><\/span><\/span><\/span><\/span><\/span>[\/vc_wp_text][\/vc_column][\/vc_row][vc_row][vc_column][vc_separator][vc_single_image image=&#8221;1987&#8243; img_size=&#8221;1300&#215;400&#8243; alignment=&#8221;center&#8221; style=&#8221;vc_box_shadow_3d&#8221;][\/vc_column][\/vc_row]\n","protected":false},"excerpt":{"rendered":"<p>[vc_row][vc_column][\/vc_column][\/vc_row][vc_row][vc_column][vc_separator][\/vc_column][\/vc_row][vc_row][vc_column width=&#8221;1\/3&#8243;][vc_single_image image=&#8221;1979&#8243; img_size=&#8221;550 x 500&#8243;][\/vc_column][vc_column width=&#8221;2\/3&#8243;][vc_wp_text] Ahorro obligatorio [\/vc_wp_text][mk_custom_list] Para el asociado que devengue hasta 1.2 S.M.M.L.V el aporte m\u00ednimo es del 3% de un S.M.M.L.V sin exceder el diez por ciento (10%) del salario del asociado. Para el asociado que devengue un salario superior a 1.2 y hasta 1.5 S.M.M.L.V el aporte m\u00ednimo [&hellip;]<\/p>\n","protected":false},"author":2,"featured_media":0,"parent":0,"menu_order":0,"comment_status":"closed","ping_status":"closed","template":"","meta":{"_uag_custom_page_level_css":"","_background_id":0,"_xo_background":[],"_joinchat":[],"footnotes":""},"yoast_head":"<!-- This site is optimized with the Yoast SEO plugin v19.10 - https:\/\/yoast.com\/wordpress\/plugins\/seo\/ -->\r\n<title>Sistema de ahorro - Fepavco<\/title>\r\n<meta name=\"robots\" content=\"index, follow, max-snippet:-1, max-image-preview:large, max-video-preview:-1\" \/>\r\n<link rel=\"canonical\" href=\"https:\/\/fepavco.com\/site\/ahorro\/\" \/>\r\n<meta property=\"og:locale\" content=\"es_ES\" \/>\r\n<meta property=\"og:type\" content=\"article\" \/>\r\n<meta property=\"og:title\" content=\"Sistema de ahorro - Fepavco\" \/>\r\n<meta property=\"og:description\" content=\"[vc_row][vc_column][\/vc_column][\/vc_row][vc_row][vc_column][vc_separator][\/vc_column][\/vc_row][vc_row][vc_column width=&#8221;1\/3&#8243;][vc_single_image image=&#8221;1979&#8243; img_size=&#8221;550 x 500&#8243;][\/vc_column][vc_column width=&#8221;2\/3&#8243;][vc_wp_text] Ahorro obligatorio [\/vc_wp_text][mk_custom_list] Para el asociado que devengue hasta 1.2 S.M.M.L.V el aporte m\u00ednimo es del 3% de un S.M.M.L.V sin exceder el diez por ciento (10%) del salario del asociado. Para el asociado que devengue un salario superior a 1.2 y hasta 1.5 S.M.M.L.V el aporte m\u00ednimo [&hellip;]\" \/>\r\n<meta property=\"og:url\" content=\"https:\/\/fepavco.com\/site\/ahorro\/\" \/>\r\n<meta property=\"og:site_name\" content=\"Fepavco\" \/>\r\n<meta property=\"article:modified_time\" content=\"2024-11-28T20:06:08+00:00\" \/>\r\n<meta name=\"twitter:card\" content=\"summary_large_image\" \/>\r\n<meta name=\"twitter:label1\" content=\"Tiempo estimado de lectura\" \/>\n\t<meta name=\"twitter:data1\" content=\"2 minutos\" \/>\r\n<script type=\"application\/ld+json\" class=\"yoast-schema-graph\">{\"@context\":\"https:\/\/schema.org\",\"@graph\":[{\"@type\":\"WebPage\",\"@id\":\"https:\/\/fepavco.com\/site\/ahorro\/\",\"url\":\"https:\/\/fepavco.com\/site\/ahorro\/\",\"name\":\"Sistema de ahorro - Fepavco\",\"isPartOf\":{\"@id\":\"https:\/\/fepavco.com\/site\/#website\"},\"datePublished\":\"2019-02-25T22:49:32+00:00\",\"dateModified\":\"2024-11-28T20:06:08+00:00\",\"breadcrumb\":{\"@id\":\"https:\/\/fepavco.com\/site\/ahorro\/#breadcrumb\"},\"inLanguage\":\"es-CO\",\"potentialAction\":[{\"@type\":\"ReadAction\",\"target\":[\"https:\/\/fepavco.com\/site\/ahorro\/\"]}]},{\"@type\":\"BreadcrumbList\",\"@id\":\"https:\/\/fepavco.com\/site\/ahorro\/#breadcrumb\",\"itemListElement\":[{\"@type\":\"ListItem\",\"position\":1,\"name\":\"Inicio\",\"item\":\"https:\/\/fepavco.com\/site\/\"},{\"@type\":\"ListItem\",\"position\":2,\"name\":\"Sistema de ahorro\"}]},{\"@type\":\"WebSite\",\"@id\":\"https:\/\/fepavco.com\/site\/#website\",\"url\":\"https:\/\/fepavco.com\/site\/\",\"name\":\"Fepavco\",\"description\":\"&quot;\u00a1Bienvenido a Fepavco Fondo de Empleados! Descubre c\u00f3mo mejorar tus finanzas y bienestar laboral con nuestros servicios y beneficios. \u00a1\u00danete a nuestra familia y potencia tu crecimiento profesional hoy mismo!&quot;\",\"potentialAction\":[{\"@type\":\"SearchAction\",\"target\":{\"@type\":\"EntryPoint\",\"urlTemplate\":\"https:\/\/fepavco.com\/site\/?s={search_term_string}\"},\"query-input\":\"required name=search_term_string\"}],\"inLanguage\":\"es-CO\"}]}<\/script>\r\n<!-- \/ Yoast SEO plugin. -->","yoast_head_json":{"title":"Sistema de ahorro - Fepavco","robots":{"index":"index","follow":"follow","max-snippet":"max-snippet:-1","max-image-preview":"max-image-preview:large","max-video-preview":"max-video-preview:-1"},"canonical":"https:\/\/fepavco.com\/site\/ahorro\/","og_locale":"es_ES","og_type":"article","og_title":"Sistema de ahorro - Fepavco","og_description":"[vc_row][vc_column][\/vc_column][\/vc_row][vc_row][vc_column][vc_separator][\/vc_column][\/vc_row][vc_row][vc_column width=&#8221;1\/3&#8243;][vc_single_image image=&#8221;1979&#8243; img_size=&#8221;550 x 500&#8243;][\/vc_column][vc_column width=&#8221;2\/3&#8243;][vc_wp_text] Ahorro obligatorio [\/vc_wp_text][mk_custom_list] Para el asociado que devengue hasta 1.2 S.M.M.L.V el aporte m\u00ednimo es del 3% de un S.M.M.L.V sin exceder el diez por ciento (10%) del salario del asociado. Para el asociado que devengue un salario superior a 1.2 y hasta 1.5 S.M.M.L.V el aporte m\u00ednimo [&hellip;]","og_url":"https:\/\/fepavco.com\/site\/ahorro\/","og_site_name":"Fepavco","article_modified_time":"2024-11-28T20:06:08+00:00","twitter_card":"summary_large_image","twitter_misc":{"Tiempo estimado de lectura":"2 minutos"},"schema":{"@context":"https:\/\/schema.org","@graph":[{"@type":"WebPage","@id":"https:\/\/fepavco.com\/site\/ahorro\/","url":"https:\/\/fepavco.com\/site\/ahorro\/","name":"Sistema de ahorro - Fepavco","isPartOf":{"@id":"https:\/\/fepavco.com\/site\/#website"},"datePublished":"2019-02-25T22:49:32+00:00","dateModified":"2024-11-28T20:06:08+00:00","breadcrumb":{"@id":"https:\/\/fepavco.com\/site\/ahorro\/#breadcrumb"},"inLanguage":"es-CO","potentialAction":[{"@type":"ReadAction","target":["https:\/\/fepavco.com\/site\/ahorro\/"]}]},{"@type":"BreadcrumbList","@id":"https:\/\/fepavco.com\/site\/ahorro\/#breadcrumb","itemListElement":[{"@type":"ListItem","position":1,"name":"Inicio","item":"https:\/\/fepavco.com\/site\/"},{"@type":"ListItem","position":2,"name":"Sistema de ahorro"}]},{"@type":"WebSite","@id":"https:\/\/fepavco.com\/site\/#website","url":"https:\/\/fepavco.com\/site\/","name":"Fepavco","description":"&quot;\u00a1Bienvenido a Fepavco Fondo de Empleados! Descubre c\u00f3mo mejorar tus finanzas y bienestar laboral con nuestros servicios y beneficios. \u00a1\u00danete a nuestra familia y potencia tu crecimiento profesional hoy mismo!&quot;","potentialAction":[{"@type":"SearchAction","target":{"@type":"EntryPoint","urlTemplate":"https:\/\/fepavco.com\/site\/?s={search_term_string}"},"query-input":"required name=search_term_string"}],"inLanguage":"es-CO"}]}},"uagb_featured_image_src":{"full":false,"thumbnail":false,"medium":false,"medium_large":false,"large":false,"1536x1536":false,"2048x2048":false,"image-size-150x150":false,"image-size-550x550":false,"image-size-550x550-@2x":false,"photo-album-thumbnail-small":false,"photo-album-thumbnail-square":false,"employees-large":false,"employees-small":false,"blog-magazine-thumbnail":false,"blog-magazine-thumbnail-@2x":false,"woocommerce-recent-carousel":false,"blog-carousel":false,"blog-carousel-@2x":false,"blog-showcase":false,"blog-showcase-@2x":false,"portfolio-x_x":false,"portfolio-two_x_x":false,"portfolio-four_x_x":false,"portfolio-x_two_x":false,"portfolio-two_x_two_x":false,"portfolio-three_x_two_x":false,"portfolio-three_x_x":false,"portfolio-four_x_two_x":false,"portfolio-x_x-@2x":false,"portfolio-two_x_x-@2x":false,"portfolio-four_x_x-@2x":false,"portfolio-x_two_x-@2x":false,"portfolio-two_x_two_x-@2x":false,"portfolio-three_x_x-@2x":false,"portfolio-three_x_two_x-@2x":false,"portfolio-four_x_two_x-@2x":false,"portfolio-four_x_x-@mobile":false,"portfolio-three_x_x-@mobile":false,"portfolio-three_x_two_x-@mobile":false,"portfolio-four_x_two_x-@mobile":false,"landscape-desktop":false,"landscape-tablet":false,"landscape-mobile":false,"portrait-desktop":false,"portrait-tablet":false,"portrait-mobile":false},"uagb_author_info":{"display_name":"sistemasfepavco","author_link":"https:\/\/fepavco.com\/site\/author\/sistemasfepavco\/"},"uagb_comment_info":0,"uagb_excerpt":"[vc_row][vc_column][\/vc_column][\/vc_row][vc_row][vc_column][vc_separator][\/vc_column][\/vc_row][vc_row][vc_column width=&#8221;1\/3&#8243;][vc_single_image image=&#8221;1979&#8243; img_size=&#8221;550 x 500&#8243;][\/vc_column][vc_column width=&#8221;2\/3&#8243;][vc_wp_text] Ahorro obligatorio [\/vc_wp_text][mk_custom_list] Para el asociado que devengue hasta 1.2 S.M.M.L.V el aporte m\u00ednimo es del 3% de un S.M.M.L.V sin exceder el diez por ciento (10%) del salario del asociado. Para el asociado que devengue un salario superior a 1.2 y hasta 1.5 S.M.M.L.V el aporte m\u00ednimo&hellip;","_links":{"self":[{"href":"https:\/\/fepavco.com\/site\/wp-json\/wp\/v2\/pages\/100"}],"collection":[{"href":"https:\/\/fepavco.com\/site\/wp-json\/wp\/v2\/pages"}],"about":[{"href":"https:\/\/fepavco.com\/site\/wp-json\/wp\/v2\/types\/page"}],"author":[{"embeddable":true,"href":"https:\/\/fepavco.com\/site\/wp-json\/wp\/v2\/users\/2"}],"replies":[{"embeddable":true,"href":"https:\/\/fepavco.com\/site\/wp-json\/wp\/v2\/comments?post=100"}],"version-history":[{"count":17,"href":"https:\/\/fepavco.com\/site\/wp-json\/wp\/v2\/pages\/100\/revisions"}],"predecessor-version":[{"id":1988,"href":"https:\/\/fepavco.com\/site\/wp-json\/wp\/v2\/pages\/100\/revisions\/1988"}],"wp:attachment":[{"href":"https:\/\/fepavco.com\/site\/wp-json\/wp\/v2\/media?parent=100"}],"curies":[{"name":"wp","href":"https:\/\/api.w.org\/{rel}","templated":true}]}}