{"id":104,"date":"2019-02-25T22:51:29","date_gmt":"2019-02-25T22:51:29","guid":{"rendered":"https:\/\/fepavco.com\/site\/?page_id=104"},"modified":"2024-11-26T18:32:46","modified_gmt":"2024-11-26T18:32:46","slug":"convenios","status":"publish","type":"page","link":"https:\/\/fepavco.com\/site\/convenios\/","title":{"rendered":"Convenios"},"content":{"rendered":"[vc_row][vc_column][vc_column_text css=&#8221;.vc_custom_1721273201088{margin-bottom: 0px !important;}&#8221;]\n<div id=\"mk-ornamental-title-3\" class=\"mk-ornamental-title rovi-single title_as_text\">\n<p class=\"title\" style=\"text-align: center;\"><span class=\"title-text\"><span style=\"font-size: 18px; color: #000000;\">Para esta l\u00ednea de cr\u00e9dito se expedir\u00e1 un formato que autorizar\u00e1 el retiro de la mercanc\u00eda del punto de servicio del proveedor. En caso de no utilizar el formato de autorizaci\u00f3n, el asociado tendr\u00e1 un plazo de cinco (5) d\u00edas h\u00e1biles para devolverlo, de lo contrario se aplicar\u00e1 el descuento autorizado por el asociado.<\/span><i class=\"line-left\"><\/i><i class=\"line-right\"><\/i><\/span><\/p>\n<\/div>\n[\/vc_column_text][vc_single_image image=&#8221;1582&#8243; img_size=&#8221;2000 x 1500&#8243; alignment=&#8221;center&#8221; onclick=&#8221;custom_link&#8221; img_link_target=&#8221;_blank&#8221; css_animation=&#8221;fadeIn&#8221; link=&#8221;https:\/\/1drv.ms\/p\/c\/f1a249b2262a6273\/EX0mZ6IkzXpDrnWi9JOqUZMB_LJyNBtR5MgYlRJvMwFttw&#8221;][\/vc_column][\/vc_row][vc_row][vc_column][\/vc_column][\/vc_row][vc_row][vc_column][vc_single_image image=&#8221;1948&#8243; img_size=&#8221;500 x 320&#8243; style=&#8221;vc_box_shadow_3d&#8221;][vc_single_image image=&#8221;1949&#8243; img_size=&#8221;500 x 320&#8243; alignment=&#8221;right&#8221; style=&#8221;vc_box_shadow_3d&#8221;][vc_single_image image=&#8221;1950&#8243; img_size=&#8221;500 x 320&#8243; style=&#8221;vc_box_shadow_3d&#8221;][vc_single_image image=&#8221;1951&#8243; img_size=&#8221;500 x 320&#8243; alignment=&#8221;right&#8221; style=&#8221;vc_box_shadow_3d&#8221;][vc_single_image image=&#8221;1952&#8243; img_size=&#8221;500 x 320&#8243; style=&#8221;vc_box_shadow_3d&#8221;][vc_single_image image=&#8221;1953&#8243; img_size=&#8221;500 x 320&#8243; alignment=&#8221;right&#8221; style=&#8221;vc_box_shadow_3d&#8221;][vc_single_image image=&#8221;1954&#8243; img_size=&#8221;500 x 320&#8243; style=&#8221;vc_box_shadow_3d&#8221;][vc_single_image image=&#8221;1955&#8243; img_size=&#8221;500 x 320&#8243; alignment=&#8221;right&#8221; style=&#8221;vc_box_shadow_3d&#8221;][vc_single_image image=&#8221;1956&#8243; img_size=&#8221;500 x 320&#8243; style=&#8221;vc_box_shadow_3d&#8221;][vc_single_image image=&#8221;1957&#8243; img_size=&#8221;500 x 320&#8243; alignment=&#8221;right&#8221; style=&#8221;vc_box_shadow_3d&#8221;][vc_single_image image=&#8221;1958&#8243; img_size=&#8221;500 x 320&#8243; style=&#8221;vc_box_shadow_3d&#8221;][vc_single_image image=&#8221;1959&#8243; img_size=&#8221;500 x 320&#8243; alignment=&#8221;right&#8221; style=&#8221;vc_box_shadow_3d&#8221;][vc_single_image image=&#8221;1960&#8243; img_size=&#8221;500 x 320&#8243; style=&#8221;vc_box_shadow_3d&#8221;][\/vc_column][\/vc_row]\n","protected":false},"excerpt":{"rendered":"<p>[vc_row][vc_column][vc_column_text css=&#8221;.vc_custom_1721273201088{margin-bottom: 0px !important;}&#8221;] Para esta l\u00ednea de cr\u00e9dito se expedir\u00e1 un formato que autorizar\u00e1 el retiro de la mercanc\u00eda del punto de servicio del proveedor. En caso de no utilizar el formato de autorizaci\u00f3n, el asociado tendr\u00e1 un plazo de cinco (5) d\u00edas h\u00e1biles para devolverlo, de lo contrario se aplicar\u00e1 el descuento autorizado [&hellip;]<\/p>\n","protected":false},"author":2,"featured_media":0,"parent":0,"menu_order":0,"comment_status":"closed","ping_status":"closed","template":"","meta":{"_uag_custom_page_level_css":"","_background_id":0,"_xo_background":[],"_joinchat":[],"footnotes":""},"yoast_head":"<!-- This site is optimized with the Yoast SEO plugin v19.10 - https:\/\/yoast.com\/wordpress\/plugins\/seo\/ -->\r\n<title>Convenios - Fepavco<\/title>\r\n<meta name=\"robots\" content=\"index, follow, max-snippet:-1, max-image-preview:large, max-video-preview:-1\" \/>\r\n<link rel=\"canonical\" href=\"https:\/\/fepavco.com\/site\/convenios\/\" \/>\r\n<meta property=\"og:locale\" content=\"es_ES\" \/>\r\n<meta property=\"og:type\" content=\"article\" \/>\r\n<meta property=\"og:title\" content=\"Convenios - Fepavco\" \/>\r\n<meta property=\"og:description\" content=\"[vc_row][vc_column][vc_column_text css=&#8221;.vc_custom_1721273201088{margin-bottom: 0px !important;}&#8221;] Para esta l\u00ednea de cr\u00e9dito se expedir\u00e1 un formato que autorizar\u00e1 el retiro de la mercanc\u00eda del punto de servicio del proveedor. En caso de no utilizar el formato de autorizaci\u00f3n, el asociado tendr\u00e1 un plazo de cinco (5) d\u00edas h\u00e1biles para devolverlo, de lo contrario se aplicar\u00e1 el descuento autorizado [&hellip;]\" \/>\r\n<meta property=\"og:url\" content=\"https:\/\/fepavco.com\/site\/convenios\/\" \/>\r\n<meta property=\"og:site_name\" content=\"Fepavco\" \/>\r\n<meta property=\"article:modified_time\" content=\"2024-11-26T18:32:46+00:00\" \/>\r\n<meta name=\"twitter:card\" content=\"summary_large_image\" \/>\r\n<meta name=\"twitter:label1\" content=\"Tiempo estimado de lectura\" \/>\n\t<meta name=\"twitter:data1\" content=\"2 minutos\" \/>\r\n<script type=\"application\/ld+json\" class=\"yoast-schema-graph\">{\"@context\":\"https:\/\/schema.org\",\"@graph\":[{\"@type\":\"WebPage\",\"@id\":\"https:\/\/fepavco.com\/site\/convenios\/\",\"url\":\"https:\/\/fepavco.com\/site\/convenios\/\",\"name\":\"Convenios - Fepavco\",\"isPartOf\":{\"@id\":\"https:\/\/fepavco.com\/site\/#website\"},\"datePublished\":\"2019-02-25T22:51:29+00:00\",\"dateModified\":\"2024-11-26T18:32:46+00:00\",\"breadcrumb\":{\"@id\":\"https:\/\/fepavco.com\/site\/convenios\/#breadcrumb\"},\"inLanguage\":\"es-CO\",\"potentialAction\":[{\"@type\":\"ReadAction\",\"target\":[\"https:\/\/fepavco.com\/site\/convenios\/\"]}]},{\"@type\":\"BreadcrumbList\",\"@id\":\"https:\/\/fepavco.com\/site\/convenios\/#breadcrumb\",\"itemListElement\":[{\"@type\":\"ListItem\",\"position\":1,\"name\":\"Inicio\",\"item\":\"https:\/\/fepavco.com\/site\/\"},{\"@type\":\"ListItem\",\"position\":2,\"name\":\"Convenios\"}]},{\"@type\":\"WebSite\",\"@id\":\"https:\/\/fepavco.com\/site\/#website\",\"url\":\"https:\/\/fepavco.com\/site\/\",\"name\":\"Fepavco\",\"description\":\"&quot;\u00a1Bienvenido a Fepavco Fondo de Empleados! Descubre c\u00f3mo mejorar tus finanzas y bienestar laboral con nuestros servicios y beneficios. \u00a1\u00danete a nuestra familia y potencia tu crecimiento profesional hoy mismo!&quot;\",\"potentialAction\":[{\"@type\":\"SearchAction\",\"target\":{\"@type\":\"EntryPoint\",\"urlTemplate\":\"https:\/\/fepavco.com\/site\/?s={search_term_string}\"},\"query-input\":\"required name=search_term_string\"}],\"inLanguage\":\"es-CO\"}]}<\/script>\r\n<!-- \/ Yoast SEO plugin. -->","yoast_head_json":{"title":"Convenios - Fepavco","robots":{"index":"index","follow":"follow","max-snippet":"max-snippet:-1","max-image-preview":"max-image-preview:large","max-video-preview":"max-video-preview:-1"},"canonical":"https:\/\/fepavco.com\/site\/convenios\/","og_locale":"es_ES","og_type":"article","og_title":"Convenios - Fepavco","og_description":"[vc_row][vc_column][vc_column_text css=&#8221;.vc_custom_1721273201088{margin-bottom: 0px !important;}&#8221;] Para esta l\u00ednea de cr\u00e9dito se expedir\u00e1 un formato que autorizar\u00e1 el retiro de la mercanc\u00eda del punto de servicio del proveedor. En caso de no utilizar el formato de autorizaci\u00f3n, el asociado tendr\u00e1 un plazo de cinco (5) d\u00edas h\u00e1biles para devolverlo, de lo contrario se aplicar\u00e1 el descuento autorizado [&hellip;]","og_url":"https:\/\/fepavco.com\/site\/convenios\/","og_site_name":"Fepavco","article_modified_time":"2024-11-26T18:32:46+00:00","twitter_card":"summary_large_image","twitter_misc":{"Tiempo estimado de lectura":"2 minutos"},"schema":{"@context":"https:\/\/schema.org","@graph":[{"@type":"WebPage","@id":"https:\/\/fepavco.com\/site\/convenios\/","url":"https:\/\/fepavco.com\/site\/convenios\/","name":"Convenios - Fepavco","isPartOf":{"@id":"https:\/\/fepavco.com\/site\/#website"},"datePublished":"2019-02-25T22:51:29+00:00","dateModified":"2024-11-26T18:32:46+00:00","breadcrumb":{"@id":"https:\/\/fepavco.com\/site\/convenios\/#breadcrumb"},"inLanguage":"es-CO","potentialAction":[{"@type":"ReadAction","target":["https:\/\/fepavco.com\/site\/convenios\/"]}]},{"@type":"BreadcrumbList","@id":"https:\/\/fepavco.com\/site\/convenios\/#breadcrumb","itemListElement":[{"@type":"ListItem","position":1,"name":"Inicio","item":"https:\/\/fepavco.com\/site\/"},{"@type":"ListItem","position":2,"name":"Convenios"}]},{"@type":"WebSite","@id":"https:\/\/fepavco.com\/site\/#website","url":"https:\/\/fepavco.com\/site\/","name":"Fepavco","description":"&quot;\u00a1Bienvenido a Fepavco Fondo de Empleados! Descubre c\u00f3mo mejorar tus finanzas y bienestar laboral con nuestros servicios y beneficios. \u00a1\u00danete a nuestra familia y potencia tu crecimiento profesional hoy mismo!&quot;","potentialAction":[{"@type":"SearchAction","target":{"@type":"EntryPoint","urlTemplate":"https:\/\/fepavco.com\/site\/?s={search_term_string}"},"query-input":"required name=search_term_string"}],"inLanguage":"es-CO"}]}},"uagb_featured_image_src":{"full":false,"thumbnail":false,"medium":false,"medium_large":false,"large":false,"1536x1536":false,"2048x2048":false,"image-size-150x150":false,"image-size-550x550":false,"image-size-550x550-@2x":false,"photo-album-thumbnail-small":false,"photo-album-thumbnail-square":false,"employees-large":false,"employees-small":false,"blog-magazine-thumbnail":false,"blog-magazine-thumbnail-@2x":false,"woocommerce-recent-carousel":false,"blog-carousel":false,"blog-carousel-@2x":false,"blog-showcase":false,"blog-showcase-@2x":false,"portfolio-x_x":false,"portfolio-two_x_x":false,"portfolio-four_x_x":false,"portfolio-x_two_x":false,"portfolio-two_x_two_x":false,"portfolio-three_x_two_x":false,"portfolio-three_x_x":false,"portfolio-four_x_two_x":false,"portfolio-x_x-@2x":false,"portfolio-two_x_x-@2x":false,"portfolio-four_x_x-@2x":false,"portfolio-x_two_x-@2x":false,"portfolio-two_x_two_x-@2x":false,"portfolio-three_x_x-@2x":false,"portfolio-three_x_two_x-@2x":false,"portfolio-four_x_two_x-@2x":false,"portfolio-four_x_x-@mobile":false,"portfolio-three_x_x-@mobile":false,"portfolio-three_x_two_x-@mobile":false,"portfolio-four_x_two_x-@mobile":false,"landscape-desktop":false,"landscape-tablet":false,"landscape-mobile":false,"portrait-desktop":false,"portrait-tablet":false,"portrait-mobile":false},"uagb_author_info":{"display_name":"sistemasfepavco","author_link":"https:\/\/fepavco.com\/site\/author\/sistemasfepavco\/"},"uagb_comment_info":0,"uagb_excerpt":"[vc_row][vc_column][vc_column_text css=&#8221;.vc_custom_1721273201088{margin-bottom: 0px !important;}&#8221;] Para esta l\u00ednea de cr\u00e9dito se expedir\u00e1 un formato que autorizar\u00e1 el retiro de la mercanc\u00eda del punto de servicio del proveedor. En caso de no utilizar el formato de autorizaci\u00f3n, el asociado tendr\u00e1 un plazo de cinco (5) d\u00edas h\u00e1biles para devolverlo, de lo contrario se aplicar\u00e1 el descuento autorizado&hellip;","_links":{"self":[{"href":"https:\/\/fepavco.com\/site\/wp-json\/wp\/v2\/pages\/104"}],"collection":[{"href":"https:\/\/fepavco.com\/site\/wp-json\/wp\/v2\/pages"}],"about":[{"href":"https:\/\/fepavco.com\/site\/wp-json\/wp\/v2\/types\/page"}],"author":[{"embeddable":true,"href":"https:\/\/fepavco.com\/site\/wp-json\/wp\/v2\/users\/2"}],"replies":[{"embeddable":true,"href":"https:\/\/fepavco.com\/site\/wp-json\/wp\/v2\/comments?post=104"}],"version-history":[{"count":13,"href":"https:\/\/fepavco.com\/site\/wp-json\/wp\/v2\/pages\/104\/revisions"}],"predecessor-version":[{"id":1962,"href":"https:\/\/fepavco.com\/site\/wp-json\/wp\/v2\/pages\/104\/revisions\/1962"}],"wp:attachment":[{"href":"https:\/\/fepavco.com\/site\/wp-json\/wp\/v2\/media?parent=104"}],"curies":[{"name":"wp","href":"https:\/\/api.w.org\/{rel}","templated":true}]}}