{"id":24,"date":"2019-02-15T21:39:58","date_gmt":"2019-02-15T21:39:58","guid":{"rendered":"https:\/\/fepavco.com\/site\/?page_id=24"},"modified":"2024-12-05T22:58:33","modified_gmt":"2024-12-05T22:58:33","slug":"quienes-somos","status":"publish","type":"page","link":"https:\/\/fepavco.com\/site\/nuestro-fondo\/quienes-somos\/","title":{"rendered":"Qui\u00e9nes somos"},"content":{"rendered":"[vc_row][vc_column][mk_padding_divider size=&#8221;30&#8243;][vc_wp_text]\n<h1 style=\"text-align: center;\"><span style=\"color: #000080;\"><span style=\"vertical-align: inherit;\"><span style=\"vertical-align: inherit;\">Quienes somos<\/span><\/span><\/span><\/h1>\n[\/vc_wp_text][\/vc_column][\/vc_row][vc_row fullwidth=&#8221;true&#8221; fullwidth_content=&#8221;false&#8221; equal_columns=&#8221;true&#8221; css=&#8221;.vc_custom_1663058881427{background-color: #f4f4f4 !important;border-radius: 15px !important;}&#8221;][vc_column width=&#8221;2\/3&#8243;][mk_padding_divider size=&#8221;20&#8243;][vc_wp_text]\n<h1 style=\"text-align: left;\">Misi\u00f3n<\/h1>\n<p style=\"text-align: justify;\"><span style=\"color: #000000;\">Atender de forma eficiente, eficaz, y oportuna, las necesidades de orden econ\u00f3mico, social y cultural, de los asociados y sus familias contribuyendo al mejoramiento de su calidad de vida, mediante servicios de excelente calidad. Fepavco en la actualidad trabaja sobre el mejoramiento continuo e innovaci\u00f3n constante.<\/span><\/p>\n<h1 style=\"text-align: left;\">Visi\u00f3n<\/h1>\n<p style=\"text-align: justify;\"><span style=\"color: #000000;\">Fepavco para el 2023 se consolidara como una gran empresa del sector solidario con solidez econ\u00f3mica y tecnol\u00f3gica para constituirse en un fondo de empleados seguro y din\u00e1mico, que garantice los ahorros, servicios y rentabilidad optima para nuestros asociados y sus familias, a trav\u00e9s del liderazgo de sus directivos y empleados con las mejores practicas de servicios,mercadeo y desarrollo.<\/span><\/p>\n<h1 style=\"text-align: left;\">Objetivo<\/h1>\n<p style=\"text-align: justify;\"><span style=\"color: #000000;\">Tener la mejor rentabilidad para nuestros asociados y empresas a trav\u00e9s de nuevos asociados, mayores colocaciones y control de nuestro presupuesto, servicio al cliente, acciones correctivas y preventivas as\u00ed como una recuperaci\u00f3n de cartera oportuna.<\/span><\/p>\n[\/vc_wp_text][\/vc_column][vc_column width=&#8221;1\/3&#8243;][mk_padding_divider size=&#8221;50&#8243;][vc_single_image image=&#8221;1779&#8243; img_size=&#8221;full&#8221; alignment=&#8221;center&#8221; style=&#8221;vc_box_shadow_3d&#8221; css_animation=&#8221;bounceIn&#8221;][\/vc_column][\/vc_row][vc_row][vc_column][\/vc_column][\/vc_row][vc_row][vc_column][\/vc_column][\/vc_row]\n","protected":false},"excerpt":{"rendered":"<p>[vc_row][vc_column][mk_padding_divider size=&#8221;30&#8243;][vc_wp_text] Quienes somos [\/vc_wp_text][\/vc_column][\/vc_row][vc_row fullwidth=&#8221;true&#8221; fullwidth_content=&#8221;false&#8221; equal_columns=&#8221;true&#8221; css=&#8221;.vc_custom_1663058881427{background-color: #f4f4f4 !important;border-radius: 15px !important;}&#8221;][vc_column width=&#8221;2\/3&#8243;][mk_padding_divider size=&#8221;20&#8243;][vc_wp_text] Misi\u00f3n Atender de forma eficiente, eficaz, y oportuna, las necesidades de orden econ\u00f3mico, social y cultural, de los asociados y sus familias contribuyendo al mejoramiento de su calidad de vida, mediante servicios de excelente calidad. Fepavco en la actualidad trabaja [&hellip;]<\/p>\n","protected":false},"author":2,"featured_media":0,"parent":785,"menu_order":0,"comment_status":"closed","ping_status":"closed","template":"","meta":{"_uag_custom_page_level_css":"","_background_id":0,"_xo_background":[],"_joinchat":[],"footnotes":""},"yoast_head":"<!-- This site is optimized with the Yoast SEO plugin v19.10 - https:\/\/yoast.com\/wordpress\/plugins\/seo\/ -->\r\n<title>Qui\u00e9nes somos - Fepavco<\/title>\r\n<meta name=\"robots\" content=\"index, follow, max-snippet:-1, max-image-preview:large, max-video-preview:-1\" \/>\r\n<link rel=\"canonical\" href=\"https:\/\/fepavco.com\/site\/nuestro-fondo\/quienes-somos\/\" \/>\r\n<meta property=\"og:locale\" content=\"es_ES\" \/>\r\n<meta property=\"og:type\" content=\"article\" \/>\r\n<meta property=\"og:title\" content=\"Qui\u00e9nes somos - Fepavco\" \/>\r\n<meta property=\"og:description\" content=\"[vc_row][vc_column][mk_padding_divider size=&#8221;30&#8243;][vc_wp_text] Quienes somos [\/vc_wp_text][\/vc_column][\/vc_row][vc_row fullwidth=&#8221;true&#8221; fullwidth_content=&#8221;false&#8221; equal_columns=&#8221;true&#8221; css=&#8221;.vc_custom_1663058881427{background-color: #f4f4f4 !important;border-radius: 15px !important;}&#8221;][vc_column width=&#8221;2\/3&#8243;][mk_padding_divider size=&#8221;20&#8243;][vc_wp_text] Misi\u00f3n Atender de forma eficiente, eficaz, y oportuna, las necesidades de orden econ\u00f3mico, social y cultural, de los asociados y sus familias contribuyendo al mejoramiento de su calidad de vida, mediante servicios de excelente calidad. Fepavco en la actualidad trabaja [&hellip;]\" \/>\r\n<meta property=\"og:url\" content=\"https:\/\/fepavco.com\/site\/nuestro-fondo\/quienes-somos\/\" \/>\r\n<meta property=\"og:site_name\" content=\"Fepavco\" \/>\r\n<meta property=\"article:modified_time\" content=\"2024-12-05T22:58:33+00:00\" \/>\r\n<meta name=\"twitter:card\" content=\"summary_large_image\" \/>\r\n<meta name=\"twitter:label1\" content=\"Tiempo estimado de lectura\" \/>\n\t<meta name=\"twitter:data1\" content=\"1 minuto\" \/>\r\n<script type=\"application\/ld+json\" class=\"yoast-schema-graph\">{\"@context\":\"https:\/\/schema.org\",\"@graph\":[{\"@type\":\"WebPage\",\"@id\":\"https:\/\/fepavco.com\/site\/nuestro-fondo\/quienes-somos\/\",\"url\":\"https:\/\/fepavco.com\/site\/nuestro-fondo\/quienes-somos\/\",\"name\":\"Qui\u00e9nes somos - Fepavco\",\"isPartOf\":{\"@id\":\"https:\/\/fepavco.com\/site\/#website\"},\"datePublished\":\"2019-02-15T21:39:58+00:00\",\"dateModified\":\"2024-12-05T22:58:33+00:00\",\"breadcrumb\":{\"@id\":\"https:\/\/fepavco.com\/site\/nuestro-fondo\/quienes-somos\/#breadcrumb\"},\"inLanguage\":\"es-CO\",\"potentialAction\":[{\"@type\":\"ReadAction\",\"target\":[\"https:\/\/fepavco.com\/site\/nuestro-fondo\/quienes-somos\/\"]}]},{\"@type\":\"BreadcrumbList\",\"@id\":\"https:\/\/fepavco.com\/site\/nuestro-fondo\/quienes-somos\/#breadcrumb\",\"itemListElement\":[{\"@type\":\"ListItem\",\"position\":1,\"name\":\"Inicio\",\"item\":\"https:\/\/fepavco.com\/site\/\"},{\"@type\":\"ListItem\",\"position\":2,\"name\":\"Nuestro Fondo\",\"item\":\"https:\/\/fepavco.com\/site\/nuestro-fondo\/\"},{\"@type\":\"ListItem\",\"position\":3,\"name\":\"Qui\u00e9nes somos\"}]},{\"@type\":\"WebSite\",\"@id\":\"https:\/\/fepavco.com\/site\/#website\",\"url\":\"https:\/\/fepavco.com\/site\/\",\"name\":\"Fepavco\",\"description\":\"&quot;\u00a1Bienvenido a Fepavco Fondo de Empleados! Descubre c\u00f3mo mejorar tus finanzas y bienestar laboral con nuestros servicios y beneficios. \u00a1\u00danete a nuestra familia y potencia tu crecimiento profesional hoy mismo!&quot;\",\"potentialAction\":[{\"@type\":\"SearchAction\",\"target\":{\"@type\":\"EntryPoint\",\"urlTemplate\":\"https:\/\/fepavco.com\/site\/?s={search_term_string}\"},\"query-input\":\"required name=search_term_string\"}],\"inLanguage\":\"es-CO\"}]}<\/script>\r\n<!-- \/ Yoast SEO plugin. -->","yoast_head_json":{"title":"Qui\u00e9nes somos - Fepavco","robots":{"index":"index","follow":"follow","max-snippet":"max-snippet:-1","max-image-preview":"max-image-preview:large","max-video-preview":"max-video-preview:-1"},"canonical":"https:\/\/fepavco.com\/site\/nuestro-fondo\/quienes-somos\/","og_locale":"es_ES","og_type":"article","og_title":"Qui\u00e9nes somos - Fepavco","og_description":"[vc_row][vc_column][mk_padding_divider size=&#8221;30&#8243;][vc_wp_text] Quienes somos [\/vc_wp_text][\/vc_column][\/vc_row][vc_row fullwidth=&#8221;true&#8221; fullwidth_content=&#8221;false&#8221; equal_columns=&#8221;true&#8221; css=&#8221;.vc_custom_1663058881427{background-color: #f4f4f4 !important;border-radius: 15px !important;}&#8221;][vc_column width=&#8221;2\/3&#8243;][mk_padding_divider size=&#8221;20&#8243;][vc_wp_text] Misi\u00f3n Atender de forma eficiente, eficaz, y oportuna, las necesidades de orden econ\u00f3mico, social y cultural, de los asociados y sus familias contribuyendo al mejoramiento de su calidad de vida, mediante servicios de excelente calidad. Fepavco en la actualidad trabaja [&hellip;]","og_url":"https:\/\/fepavco.com\/site\/nuestro-fondo\/quienes-somos\/","og_site_name":"Fepavco","article_modified_time":"2024-12-05T22:58:33+00:00","twitter_card":"summary_large_image","twitter_misc":{"Tiempo estimado de lectura":"1 minuto"},"schema":{"@context":"https:\/\/schema.org","@graph":[{"@type":"WebPage","@id":"https:\/\/fepavco.com\/site\/nuestro-fondo\/quienes-somos\/","url":"https:\/\/fepavco.com\/site\/nuestro-fondo\/quienes-somos\/","name":"Qui\u00e9nes somos - Fepavco","isPartOf":{"@id":"https:\/\/fepavco.com\/site\/#website"},"datePublished":"2019-02-15T21:39:58+00:00","dateModified":"2024-12-05T22:58:33+00:00","breadcrumb":{"@id":"https:\/\/fepavco.com\/site\/nuestro-fondo\/quienes-somos\/#breadcrumb"},"inLanguage":"es-CO","potentialAction":[{"@type":"ReadAction","target":["https:\/\/fepavco.com\/site\/nuestro-fondo\/quienes-somos\/"]}]},{"@type":"BreadcrumbList","@id":"https:\/\/fepavco.com\/site\/nuestro-fondo\/quienes-somos\/#breadcrumb","itemListElement":[{"@type":"ListItem","position":1,"name":"Inicio","item":"https:\/\/fepavco.com\/site\/"},{"@type":"ListItem","position":2,"name":"Nuestro Fondo","item":"https:\/\/fepavco.com\/site\/nuestro-fondo\/"},{"@type":"ListItem","position":3,"name":"Qui\u00e9nes somos"}]},{"@type":"WebSite","@id":"https:\/\/fepavco.com\/site\/#website","url":"https:\/\/fepavco.com\/site\/","name":"Fepavco","description":"&quot;\u00a1Bienvenido a Fepavco Fondo de Empleados! Descubre c\u00f3mo mejorar tus finanzas y bienestar laboral con nuestros servicios y beneficios. \u00a1\u00danete a nuestra familia y potencia tu crecimiento profesional hoy mismo!&quot;","potentialAction":[{"@type":"SearchAction","target":{"@type":"EntryPoint","urlTemplate":"https:\/\/fepavco.com\/site\/?s={search_term_string}"},"query-input":"required name=search_term_string"}],"inLanguage":"es-CO"}]}},"uagb_featured_image_src":{"full":false,"thumbnail":false,"medium":false,"medium_large":false,"large":false,"1536x1536":false,"2048x2048":false,"image-size-150x150":false,"image-size-550x550":false,"image-size-550x550-@2x":false,"photo-album-thumbnail-small":false,"photo-album-thumbnail-square":false,"employees-large":false,"employees-small":false,"blog-magazine-thumbnail":false,"blog-magazine-thumbnail-@2x":false,"woocommerce-recent-carousel":false,"blog-carousel":false,"blog-carousel-@2x":false,"blog-showcase":false,"blog-showcase-@2x":false,"portfolio-x_x":false,"portfolio-two_x_x":false,"portfolio-four_x_x":false,"portfolio-x_two_x":false,"portfolio-two_x_two_x":false,"portfolio-three_x_two_x":false,"portfolio-three_x_x":false,"portfolio-four_x_two_x":false,"portfolio-x_x-@2x":false,"portfolio-two_x_x-@2x":false,"portfolio-four_x_x-@2x":false,"portfolio-x_two_x-@2x":false,"portfolio-two_x_two_x-@2x":false,"portfolio-three_x_x-@2x":false,"portfolio-three_x_two_x-@2x":false,"portfolio-four_x_two_x-@2x":false,"portfolio-four_x_x-@mobile":false,"portfolio-three_x_x-@mobile":false,"portfolio-three_x_two_x-@mobile":false,"portfolio-four_x_two_x-@mobile":false,"landscape-desktop":false,"landscape-tablet":false,"landscape-mobile":false,"portrait-desktop":false,"portrait-tablet":false,"portrait-mobile":false},"uagb_author_info":{"display_name":"sistemasfepavco","author_link":"https:\/\/fepavco.com\/site\/author\/sistemasfepavco\/"},"uagb_comment_info":0,"uagb_excerpt":"[vc_row][vc_column][mk_padding_divider size=&#8221;30&#8243;][vc_wp_text] Quienes somos [\/vc_wp_text][\/vc_column][\/vc_row][vc_row fullwidth=&#8221;true&#8221; fullwidth_content=&#8221;false&#8221; equal_columns=&#8221;true&#8221; css=&#8221;.vc_custom_1663058881427{background-color: #f4f4f4 !important;border-radius: 15px !important;}&#8221;][vc_column width=&#8221;2\/3&#8243;][mk_padding_divider size=&#8221;20&#8243;][vc_wp_text] Misi\u00f3n Atender de forma eficiente, eficaz, y oportuna, las necesidades de orden econ\u00f3mico, social y cultural, de los asociados y sus familias contribuyendo al mejoramiento de su calidad de vida, mediante servicios de excelente calidad. Fepavco en la actualidad trabaja&hellip;","_links":{"self":[{"href":"https:\/\/fepavco.com\/site\/wp-json\/wp\/v2\/pages\/24"}],"collection":[{"href":"https:\/\/fepavco.com\/site\/wp-json\/wp\/v2\/pages"}],"about":[{"href":"https:\/\/fepavco.com\/site\/wp-json\/wp\/v2\/types\/page"}],"author":[{"embeddable":true,"href":"https:\/\/fepavco.com\/site\/wp-json\/wp\/v2\/users\/2"}],"replies":[{"embeddable":true,"href":"https:\/\/fepavco.com\/site\/wp-json\/wp\/v2\/comments?post=24"}],"version-history":[{"count":7,"href":"https:\/\/fepavco.com\/site\/wp-json\/wp\/v2\/pages\/24\/revisions"}],"predecessor-version":[{"id":2035,"href":"https:\/\/fepavco.com\/site\/wp-json\/wp\/v2\/pages\/24\/revisions\/2035"}],"up":[{"embeddable":true,"href":"https:\/\/fepavco.com\/site\/wp-json\/wp\/v2\/pages\/785"}],"wp:attachment":[{"href":"https:\/\/fepavco.com\/site\/wp-json\/wp\/v2\/media?parent=24"}],"curies":[{"name":"wp","href":"https:\/\/api.w.org\/{rel}","templated":true}]}}