{"id":256,"date":"2019-02-26T19:20:28","date_gmt":"2019-02-26T19:20:28","guid":{"rendered":"https:\/\/fepavco.com\/site\/?page_id=256"},"modified":"2024-07-17T23:14:45","modified_gmt":"2024-07-17T23:14:45","slug":"vivienda","status":"publish","type":"page","link":"https:\/\/fepavco.com\/site\/vivienda\/","title":{"rendered":"Vivienda"},"content":{"rendered":"[vc_row][vc_column][vc_column_text css=&#8221;.vc_custom_1721257957593{margin-bottom: 0px !important;}&#8221;]\n<div id=\"mk-ornamental-title-3\" class=\"mk-ornamental-title rovi-single title_as_text\">\n<p class=\"title\"><span class=\"title-text\"><span style=\"font-size: 18px; color: #000000;\">Con el valor del cr\u00e9dito, se debe garantizar y certificar el pago total de la hipoteca, para ello debe entregar el certificado del pago y paz y salvo, m\u00e1ximo quince (15) d\u00edas despu\u00e9s de entregado el dinero del cr\u00e9dito.<\/span><i class=\"line-left\"><\/i><i class=\"line-right\"><\/i><\/span><\/p>\n<\/div>\n[\/vc_column_text][vc_single_image image=&#8221;1584&#8243; img_size=&#8221;2000 x 1500&#8243; alignment=&#8221;center&#8221; onclick=&#8221;custom_link&#8221; img_link_target=&#8221;_blank&#8221; css_animation=&#8221;fadeIn&#8221; link=&#8221;https:\/\/1drv.ms\/p\/c\/f1a249b2262a6273\/EcQmhLkVZfJAv2piQwR2JP0BPJ3STjYNgveJIN_AYmwM7Q&#8221;][\/vc_column][\/vc_row][vc_row][vc_column][vc_single_image image=&#8221;1633&#8243; img_size=&#8221;600 x 320&#8243; style=&#8221;vc_box_shadow_3d&#8221; onclick=&#8221;custom_link&#8221; css_animation=&#8221;fadeIn&#8221; link=&#8221;https:\/\/fepavco.com\/site\/liberacion-hipoteca\/&#8221;][vc_single_image image=&#8221;1636&#8243; img_size=&#8221;600 x 320&#8243; alignment=&#8221;right&#8221; style=&#8221;vc_box_shadow_3d&#8221; onclick=&#8221;custom_link&#8221; css_animation=&#8221;fadeIn&#8221; link=&#8221;https:\/\/fepavco.com\/site\/construccion\/&#8221;][\/vc_column][\/vc_row][vc_row column_padding=&#8221;2&#8243;][vc_column blend_mode=&#8221;overlay&#8221;][\/vc_column][\/vc_row]\n","protected":false},"excerpt":{"rendered":"<p>[vc_row][vc_column][vc_column_text css=&#8221;.vc_custom_1721257957593{margin-bottom: 0px !important;}&#8221;] Con el valor del cr\u00e9dito, se debe garantizar y certificar el pago total de la hipoteca, para ello debe entregar el certificado del pago y paz y salvo, m\u00e1ximo quince (15) d\u00edas despu\u00e9s de entregado el dinero del cr\u00e9dito. [\/vc_column_text][vc_single_image image=&#8221;1584&#8243; img_size=&#8221;2000 x 1500&#8243; alignment=&#8221;center&#8221; onclick=&#8221;custom_link&#8221; img_link_target=&#8221;_blank&#8221; css_animation=&#8221;fadeIn&#8221; link=&#8221;https:\/\/1drv.ms\/p\/c\/f1a249b2262a6273\/EcQmhLkVZfJAv2piQwR2JP0BPJ3STjYNgveJIN_AYmwM7Q&#8221;][\/vc_column][\/vc_row][vc_row][vc_column][vc_single_image image=&#8221;1633&#8243; img_size=&#8221;600 [&hellip;]<\/p>\n","protected":false},"author":2,"featured_media":0,"parent":0,"menu_order":0,"comment_status":"open","ping_status":"closed","template":"","meta":{"_uag_custom_page_level_css":"","_background_id":0,"_xo_background":[],"_joinchat":[],"footnotes":""},"yoast_head":"<!-- This site is optimized with the Yoast SEO plugin v19.10 - https:\/\/yoast.com\/wordpress\/plugins\/seo\/ -->\r\n<title>Vivienda - Fepavco<\/title>\r\n<meta name=\"robots\" content=\"index, follow, max-snippet:-1, max-image-preview:large, max-video-preview:-1\" \/>\r\n<link rel=\"canonical\" href=\"https:\/\/fepavco.com\/site\/vivienda\/\" \/>\r\n<meta property=\"og:locale\" content=\"es_ES\" \/>\r\n<meta property=\"og:type\" content=\"article\" \/>\r\n<meta property=\"og:title\" content=\"Vivienda - Fepavco\" \/>\r\n<meta property=\"og:description\" content=\"[vc_row][vc_column][vc_column_text css=&#8221;.vc_custom_1721257957593{margin-bottom: 0px !important;}&#8221;] Con el valor del cr\u00e9dito, se debe garantizar y certificar el pago total de la hipoteca, para ello debe entregar el certificado del pago y paz y salvo, m\u00e1ximo quince (15) d\u00edas despu\u00e9s de entregado el dinero del cr\u00e9dito. [\/vc_column_text][vc_single_image image=&#8221;1584&#8243; img_size=&#8221;2000 x 1500&#8243; alignment=&#8221;center&#8221; onclick=&#8221;custom_link&#8221; img_link_target=&#8221;_blank&#8221; css_animation=&#8221;fadeIn&#8221; link=&#8221;https:\/\/1drv.ms\/p\/c\/f1a249b2262a6273\/EcQmhLkVZfJAv2piQwR2JP0BPJ3STjYNgveJIN_AYmwM7Q&#8221;][\/vc_column][\/vc_row][vc_row][vc_column][vc_single_image image=&#8221;1633&#8243; img_size=&#8221;600 [&hellip;]\" \/>\r\n<meta property=\"og:url\" content=\"https:\/\/fepavco.com\/site\/vivienda\/\" \/>\r\n<meta property=\"og:site_name\" content=\"Fepavco\" \/>\r\n<meta property=\"article:modified_time\" content=\"2024-07-17T23:14:45+00:00\" \/>\r\n<meta name=\"twitter:card\" content=\"summary_large_image\" \/>\r\n<meta name=\"twitter:label1\" content=\"Tiempo estimado de lectura\" \/>\n\t<meta name=\"twitter:data1\" content=\"1 minuto\" \/>\r\n<script type=\"application\/ld+json\" class=\"yoast-schema-graph\">{\"@context\":\"https:\/\/schema.org\",\"@graph\":[{\"@type\":\"WebPage\",\"@id\":\"https:\/\/fepavco.com\/site\/vivienda\/\",\"url\":\"https:\/\/fepavco.com\/site\/vivienda\/\",\"name\":\"Vivienda - Fepavco\",\"isPartOf\":{\"@id\":\"https:\/\/fepavco.com\/site\/#website\"},\"datePublished\":\"2019-02-26T19:20:28+00:00\",\"dateModified\":\"2024-07-17T23:14:45+00:00\",\"breadcrumb\":{\"@id\":\"https:\/\/fepavco.com\/site\/vivienda\/#breadcrumb\"},\"inLanguage\":\"es-CO\",\"potentialAction\":[{\"@type\":\"ReadAction\",\"target\":[\"https:\/\/fepavco.com\/site\/vivienda\/\"]}]},{\"@type\":\"BreadcrumbList\",\"@id\":\"https:\/\/fepavco.com\/site\/vivienda\/#breadcrumb\",\"itemListElement\":[{\"@type\":\"ListItem\",\"position\":1,\"name\":\"Inicio\",\"item\":\"https:\/\/fepavco.com\/site\/\"},{\"@type\":\"ListItem\",\"position\":2,\"name\":\"Vivienda\"}]},{\"@type\":\"WebSite\",\"@id\":\"https:\/\/fepavco.com\/site\/#website\",\"url\":\"https:\/\/fepavco.com\/site\/\",\"name\":\"Fepavco\",\"description\":\"&quot;\u00a1Bienvenido a Fepavco Fondo de Empleados! Descubre c\u00f3mo mejorar tus finanzas y bienestar laboral con nuestros servicios y beneficios. \u00a1\u00danete a nuestra familia y potencia tu crecimiento profesional hoy mismo!&quot;\",\"potentialAction\":[{\"@type\":\"SearchAction\",\"target\":{\"@type\":\"EntryPoint\",\"urlTemplate\":\"https:\/\/fepavco.com\/site\/?s={search_term_string}\"},\"query-input\":\"required name=search_term_string\"}],\"inLanguage\":\"es-CO\"}]}<\/script>\r\n<!-- \/ Yoast SEO plugin. -->","yoast_head_json":{"title":"Vivienda - Fepavco","robots":{"index":"index","follow":"follow","max-snippet":"max-snippet:-1","max-image-preview":"max-image-preview:large","max-video-preview":"max-video-preview:-1"},"canonical":"https:\/\/fepavco.com\/site\/vivienda\/","og_locale":"es_ES","og_type":"article","og_title":"Vivienda - Fepavco","og_description":"[vc_row][vc_column][vc_column_text css=&#8221;.vc_custom_1721257957593{margin-bottom: 0px !important;}&#8221;] Con el valor del cr\u00e9dito, se debe garantizar y certificar el pago total de la hipoteca, para ello debe entregar el certificado del pago y paz y salvo, m\u00e1ximo quince (15) d\u00edas despu\u00e9s de entregado el dinero del cr\u00e9dito. [\/vc_column_text][vc_single_image image=&#8221;1584&#8243; img_size=&#8221;2000 x 1500&#8243; alignment=&#8221;center&#8221; onclick=&#8221;custom_link&#8221; img_link_target=&#8221;_blank&#8221; css_animation=&#8221;fadeIn&#8221; link=&#8221;https:\/\/1drv.ms\/p\/c\/f1a249b2262a6273\/EcQmhLkVZfJAv2piQwR2JP0BPJ3STjYNgveJIN_AYmwM7Q&#8221;][\/vc_column][\/vc_row][vc_row][vc_column][vc_single_image image=&#8221;1633&#8243; img_size=&#8221;600 [&hellip;]","og_url":"https:\/\/fepavco.com\/site\/vivienda\/","og_site_name":"Fepavco","article_modified_time":"2024-07-17T23:14:45+00:00","twitter_card":"summary_large_image","twitter_misc":{"Tiempo estimado de lectura":"1 minuto"},"schema":{"@context":"https:\/\/schema.org","@graph":[{"@type":"WebPage","@id":"https:\/\/fepavco.com\/site\/vivienda\/","url":"https:\/\/fepavco.com\/site\/vivienda\/","name":"Vivienda - Fepavco","isPartOf":{"@id":"https:\/\/fepavco.com\/site\/#website"},"datePublished":"2019-02-26T19:20:28+00:00","dateModified":"2024-07-17T23:14:45+00:00","breadcrumb":{"@id":"https:\/\/fepavco.com\/site\/vivienda\/#breadcrumb"},"inLanguage":"es-CO","potentialAction":[{"@type":"ReadAction","target":["https:\/\/fepavco.com\/site\/vivienda\/"]}]},{"@type":"BreadcrumbList","@id":"https:\/\/fepavco.com\/site\/vivienda\/#breadcrumb","itemListElement":[{"@type":"ListItem","position":1,"name":"Inicio","item":"https:\/\/fepavco.com\/site\/"},{"@type":"ListItem","position":2,"name":"Vivienda"}]},{"@type":"WebSite","@id":"https:\/\/fepavco.com\/site\/#website","url":"https:\/\/fepavco.com\/site\/","name":"Fepavco","description":"&quot;\u00a1Bienvenido a Fepavco Fondo de Empleados! Descubre c\u00f3mo mejorar tus finanzas y bienestar laboral con nuestros servicios y beneficios. \u00a1\u00danete a nuestra familia y potencia tu crecimiento profesional hoy mismo!&quot;","potentialAction":[{"@type":"SearchAction","target":{"@type":"EntryPoint","urlTemplate":"https:\/\/fepavco.com\/site\/?s={search_term_string}"},"query-input":"required name=search_term_string"}],"inLanguage":"es-CO"}]}},"uagb_featured_image_src":{"full":false,"thumbnail":false,"medium":false,"medium_large":false,"large":false,"1536x1536":false,"2048x2048":false,"image-size-150x150":false,"image-size-550x550":false,"image-size-550x550-@2x":false,"photo-album-thumbnail-small":false,"photo-album-thumbnail-square":false,"employees-large":false,"employees-small":false,"blog-magazine-thumbnail":false,"blog-magazine-thumbnail-@2x":false,"woocommerce-recent-carousel":false,"blog-carousel":false,"blog-carousel-@2x":false,"blog-showcase":false,"blog-showcase-@2x":false,"portfolio-x_x":false,"portfolio-two_x_x":false,"portfolio-four_x_x":false,"portfolio-x_two_x":false,"portfolio-two_x_two_x":false,"portfolio-three_x_two_x":false,"portfolio-three_x_x":false,"portfolio-four_x_two_x":false,"portfolio-x_x-@2x":false,"portfolio-two_x_x-@2x":false,"portfolio-four_x_x-@2x":false,"portfolio-x_two_x-@2x":false,"portfolio-two_x_two_x-@2x":false,"portfolio-three_x_x-@2x":false,"portfolio-three_x_two_x-@2x":false,"portfolio-four_x_two_x-@2x":false,"portfolio-four_x_x-@mobile":false,"portfolio-three_x_x-@mobile":false,"portfolio-three_x_two_x-@mobile":false,"portfolio-four_x_two_x-@mobile":false,"landscape-desktop":false,"landscape-tablet":false,"landscape-mobile":false,"portrait-desktop":false,"portrait-tablet":false,"portrait-mobile":false},"uagb_author_info":{"display_name":"sistemasfepavco","author_link":"https:\/\/fepavco.com\/site\/author\/sistemasfepavco\/"},"uagb_comment_info":0,"uagb_excerpt":"[vc_row][vc_column][vc_column_text css=&#8221;.vc_custom_1721257957593{margin-bottom: 0px !important;}&#8221;] Con el valor del cr\u00e9dito, se debe garantizar y certificar el pago total de la hipoteca, para ello debe entregar el certificado del pago y paz y salvo, m\u00e1ximo quince (15) d\u00edas despu\u00e9s de entregado el dinero del cr\u00e9dito. [\/vc_column_text][vc_single_image image=&#8221;1584&#8243; img_size=&#8221;2000 x 1500&#8243; alignment=&#8221;center&#8221; onclick=&#8221;custom_link&#8221; img_link_target=&#8221;_blank&#8221; css_animation=&#8221;fadeIn&#8221; link=&#8221;https:\/\/1drv.ms\/p\/c\/f1a249b2262a6273\/EcQmhLkVZfJAv2piQwR2JP0BPJ3STjYNgveJIN_AYmwM7Q&#8221;][\/vc_column][\/vc_row][vc_row][vc_column][vc_single_image image=&#8221;1633&#8243; img_size=&#8221;600&hellip;","_links":{"self":[{"href":"https:\/\/fepavco.com\/site\/wp-json\/wp\/v2\/pages\/256"}],"collection":[{"href":"https:\/\/fepavco.com\/site\/wp-json\/wp\/v2\/pages"}],"about":[{"href":"https:\/\/fepavco.com\/site\/wp-json\/wp\/v2\/types\/page"}],"author":[{"embeddable":true,"href":"https:\/\/fepavco.com\/site\/wp-json\/wp\/v2\/users\/2"}],"replies":[{"embeddable":true,"href":"https:\/\/fepavco.com\/site\/wp-json\/wp\/v2\/comments?post=256"}],"version-history":[{"count":19,"href":"https:\/\/fepavco.com\/site\/wp-json\/wp\/v2\/pages\/256\/revisions"}],"predecessor-version":[{"id":1647,"href":"https:\/\/fepavco.com\/site\/wp-json\/wp\/v2\/pages\/256\/revisions\/1647"}],"wp:attachment":[{"href":"https:\/\/fepavco.com\/site\/wp-json\/wp\/v2\/media?parent=256"}],"curies":[{"name":"wp","href":"https:\/\/api.w.org\/{rel}","templated":true}]}}