{"id":43,"date":"2019-02-21T14:34:06","date_gmt":"2019-02-21T14:34:06","guid":{"rendered":"https:\/\/fepavco.com\/site\/?page_id=43"},"modified":"2024-09-25T02:45:21","modified_gmt":"2024-09-25T02:45:21","slug":"organigrama","status":"publish","type":"page","link":"https:\/\/fepavco.com\/site\/nuestro-fondo\/organigrama\/","title":{"rendered":"Organigrama"},"content":{"rendered":"[vc_row][vc_column][mk_padding_divider size=&#8221;30&#8243;][vc_wp_text]\n<h1>Organigrama<\/h1>\n[\/vc_wp_text][\/vc_column][\/vc_row][vc_row fullwidth=&#8221;true&#8221; fullwidth_content=&#8221;false&#8221; equal_columns=&#8221;true&#8221; css=&#8221;.vc_custom_1663060376983{background-color: #f4f4f4 !important;border-radius: 15px !important;}&#8221;][vc_column][mk_padding_divider size=&#8221;30&#8243;][vc_single_image image=&#8221;1941&#8243; img_size=&#8221;full&#8221; alignment=&#8221;center&#8221; style=&#8221;vc_box_rounded&#8221;][vc_separator][vc_wp_text]\n<h2 style=\"text-align: left; color: #0c2069;\">Junta directiva<\/h2>\n[\/vc_wp_text][\/vc_column][\/vc_row][vc_row fullwidth=&#8221;true&#8221; fullwidth_content=&#8221;false&#8221; equal_columns=&#8221;true&#8221; css=&#8221;.vc_custom_1665370647841{background-color: #efefef !important;}&#8221;][vc_column width=&#8221;1\/2&#8243;][mk_padding_divider size=&#8221;30&#8243;][vc_column_text css=&#8221;.vc_custom_1722304780224{margin-bottom: 0px !important;}&#8221;]<span style=\"color: negro;\"><strong><span style=\"color: #000080;\">\u00bb <\/span><\/strong><span style=\"color: #000000;\">Edgar Sierra Quiroz (Pensionado)<\/span><\/span><\/p>\n<p><strong><span style=\"color: #000080;\">Presidente<\/span><\/strong><\/p>\n<p><strong><span style=\"color: #000080;\">\u00bb<\/span><\/strong> <span style=\"color: #000000;\">Wilson Roncancio Guarnizo<\/span><\/p>\n<p><strong><span style=\"color: #000080;\">Vicepresidente<\/span><\/strong><\/p>\n<p><strong><span style=\"color: #000080;\">\u00bb<\/span><\/strong> <span style=\"color: #000000;\">Cesar Caviedes Cubillos (Accesorios)\u00a0<\/span><\/p>\n<p><strong><span style=\"color: #000080;\">Secretario<\/span><\/strong><\/p>\n<p><strong><span style=\"color: #000080;\">\u00bb<\/span><\/strong> <span style=\"color: #000000;\">\u00c1lvaro Garcia Maldonado (Pensionado)<\/span><\/p>\n<p><strong><span style=\"color: #000080;\">Principal<\/span><\/strong><\/p>\n<p><strong><span style=\"color: #000080;\">\u00bb<\/span><\/strong> <span style=\"color: #000000;\">Jairo Chia Ram\u00edrez (Geosistemas)<\/span><\/p>\n<p><strong><span style=\"color: #000080;\">Principal<\/span><\/strong><\/p>\n<p><strong><span style=\"color: #000080;\">\u00bb<\/span><\/strong> <span style=\"color: #000000;\">Pedro Antonio Rojas Forero (Pensionado)<\/span><\/p>\n<p><strong><span style=\"color: #000080;\">Principal<\/span><\/strong><\/p>\n<p><strong><span style=\"color: #000080;\">\u00bb<\/span><\/strong><span style=\"color: #000000;\"> Maricela Quiroga Saavedra (Oficial de cumplimiento)<\/span><\/p>\n<p><strong><span style=\"color: #000080;\">Principal<\/span><\/strong><\/p>\n<p><strong><span style=\"color: #000080;\">\u00bb<\/span><\/strong> <span style=\"color: #000000;\">German Chunza Amaya (Pensionado)<\/span><\/p>\n<p><strong><span style=\"color: #000080;\">Suplente<\/span><\/strong><\/p>\n<p><strong><span style=\"color: #000080;\">\u00bb<\/span><\/strong> <span style=\"color: #000000;\">Concepcion Poveda Segura (Accesorio)<\/span><\/p>\n<p><strong><span style=\"color: #000080;\">Suplente<\/span><\/strong><\/p>\n<p><strong><span style=\"color: #000080;\">\u00bb <\/span><\/strong><span style=\"color: #000000;\">Ancizar Hern\u00e1ndez P\u00e9rez (vinisol)<\/span><\/p>\n<p><strong><span style=\"color: #000080;\">Suplente<\/span><\/strong><\/p>\n<p>&nbsp;[\/vc_column_text][\/vc_column][vc_column width=&#8221;1\/2&#8243;][mk_padding_divider size=&#8221;50&#8243;][vc_single_image image=&#8221;1904&#8243; img_size=&#8221;full&#8221; alignment=&#8221;center&#8221; style=&#8221;vc_box_shadow_3d&#8221; css_animation=&#8221;bounceIn&#8221;][\/vc_column][\/vc_row][vc_row fullwidth=&#8221;true&#8221; fullwidth_content=&#8221;false&#8221; equal_columns=&#8221;true&#8221; css=&#8221;.vc_custom_1665371479345{background-color: #f7f7f7 !important;}&#8221;][vc_column width=&#8221;1\/2&#8243;][mk_padding_divider size=&#8221;30&#8243;][vc_wp_text]\n<h2 style=\"text-align: left; color: #0c2069;\">Comit\u00e9 control social<\/h2>\n[\/vc_wp_text][vc_column_text css=&#8221;.vc_custom_1722371106099{margin-bottom: 0px !important;}&#8221;]<strong><span style=\"color: #000080;\">\u00bb<\/span><\/strong> <span style=\"color: #000000;\">Alcy Acosta Leal (Comercializadora)<\/span><\/p>\n<p><strong><span style=\"color: #000080;\">Coordinador<\/span><\/strong><\/p>\n<p><strong><span style=\"color: #000080;\">\u00bb<\/span><\/strong> <span style=\"color: #000000;\">Mario Horacio Valderrama\u00a0<\/span><\/p>\n<p><strong><span style=\"color: #000080;\">Secretario\u00a0<\/span><\/strong><\/p>\n<p><span style=\"color: #000080;\">\u00bb<\/span> <span style=\"color: #000000;\">Sergio Cruz Torres (Pensionado)<\/span><\/p>\n<p><strong><span style=\"color: #000080;\">Principal<\/span><\/strong><\/p>\n<p><strong><span style=\"color: #000080;\">\u00bb<\/span><\/strong> <span style=\"color: #000000;\">Henry de Jes\u00fas Gonz\u00e1lez Gonz\u00e1lez (Pensionado)<\/span><\/p>\n<p><strong><span style=\"color: #000080;\">Suplente<\/span><\/strong><\/p>\n<p><strong><span style=\"color: #000080;\">\u00bb<\/span><\/strong> <span style=\"color: #000000;\">Fredi Alberto Bernal G\u00f3mez (Geosistemas)\u00a0<\/span><\/p>\n<p><strong><span style=\"color: #000080;\">Suplente<\/span><\/strong><\/p>\n<p><strong><span style=\"color: #000080;\">\u00bb<\/span><\/strong> <span style=\"color: #000000;\">Yesid Leonel Delgadillo Martines (Geosistemas)<\/span><\/p>\n<p><strong><span style=\"color: #000080;\">Suplente\u00a0<\/span><\/strong>[\/vc_column_text][\/vc_column][vc_column width=&#8221;1\/2&#8243;][mk_padding_divider size=&#8221;30&#8243;][vc_wp_text]\n<h2 style=\"text-align: left; color: #0c2069;\">Administraci\u00f3n<\/h2>\n[\/vc_wp_text][vc_column_text css=&#8221;.vc_custom_1722375657731{margin-bottom: 0px !important;}&#8221;]<strong><span style=\"color: #000080;\">\u00bb<\/span><\/strong> <span style=\"color: #000000;\">Sandra Yadira Puentes Moreno<\/span><\/p>\n<p><strong><span style=\"color: #000080;\">Gerente\u00a0<\/span><\/strong><\/p>\n<p><strong><span style=\"color: #000080;\">\u00bb<\/span><\/strong> <span style=\"color: #000000;\">Hannelle Marcela Marquez Mesa<\/span><\/p>\n<p><strong><span style=\"color: #000080;\">Contadora<\/span><\/strong><\/p>\n<p><strong><span style=\"color: #000080;\">\u00bb<\/span><\/strong> <span style=\"color: #000000;\">Katerine Yadira Mu\u00f1oz Afanador<\/span><\/p>\n<p><strong><span style=\"color: #000080;\">Asistente Administrativa<\/span><\/strong><\/p>\n<p><strong><span style=\"color: #000080;\">\u00bb<\/span><\/strong> <span style=\"color: #000000;\">Jasbleidi Paola Sarmiento Falla<\/span><\/p>\n<p><strong><span style=\"color: #000080;\">Servicio al cliente<\/span><\/strong><\/p>\n<p><strong><span style=\"color: #000080;\">\u00bb<\/span><\/strong> Maria Alejandra Camacho Perez<\/p>\n<p><strong><span style=\"color: #000080;\">Revisora fiscal<\/span><\/strong><\/p>\n<p>&nbsp;[\/vc_column_text][\/vc_column][\/vc_row][vc_row][vc_column][vc_separator][vc_column_text css=&#8221;.vc_custom_1722479725009{margin-bottom: 0px !important;}&#8221;]\n<p style=\"text-align: left;\"><span style=\"font-size: 30px; font-family: arial, helvetica, sans-serif;\"><strong><span style=\"color: #000080;\">COMIT\u00c9S DE APOYO FEPAVCO<\/span><\/strong><\/span><\/p>\n[\/vc_column_text][vc_column_text css=&#8221;.vc_custom_1722384218650{margin-bottom: 0px !important;}&#8221;]\n<h2 style=\"text-align: center;\"><span style=\"font-family: 'arial black', 'avant garde'; color: #000080; font-size: 18px;\"><span style=\"vertical-align: inherit;\"><span style=\"vertical-align: inherit;\">Comit\u00e9 de cr\u00e9dito<\/span><\/span><\/span><\/h2>\n[\/vc_column_text][\/vc_column][\/vc_row][vc_row][vc_column][vc_raw_html]JTVCdGFibGUlMjBpZCUzRDIzJTIwJTJGJTVE[\/vc_raw_html][vc_separator][vc_column_text css=&#8221;.vc_custom_1722385155737{margin-bottom: 0px !important;}&#8221;]\n<p style=\"text-align: center;\"><span style=\"font-family: 'arial black', 'avant garde'; color: #000080; font-size: 16px;\">COMIT\u00c9 DE RIESGO, LIQUIDEZ, PRESUPUESTO Y NIIF<\/span><\/p>\n<p style=\"text-align: center;\">[\/vc_column_text][\/vc_column][\/vc_row][vc_row][vc_column][vc_raw_html]JTVCdGFibGUlMjBpZCUzRDI1JTIwJTJGJTVE[\/vc_raw_html][\/vc_column][\/vc_row][vc_row][vc_column][vc_separator][\/vc_column][\/vc_row][vc_row][vc_column][vc_column_text css=&#8221;.vc_custom_1722395622170{margin-bottom: 0px !important;}&#8221;]\n<p style=\"text-align: center;\"><span style=\"font-family: 'arial black', 'avant garde'; color: #000080; font-size: 16px;\">COMIT\u00c9 DE BIENESTAR SOCIAL (RECREACI\u00d3N,\u00a0 EDUCACI\u00d3N Y SOLIDARIDAD)<\/span><\/p>\n[\/vc_column_text][vc_raw_html]JTVCdGFibGUlMjBpZCUzRDI2JTIwJTJGJTVE[\/vc_raw_html][\/vc_column][\/vc_row][vc_row][vc_column][vc_separator][\/vc_column][\/vc_row][vc_row][vc_column][vc_column_text css=&#8221;.vc_custom_1722396917379{margin-bottom: 0px !important;}&#8221;]\n<p style=\"text-align: center;\"><span style=\"color: #000080; font-family: 'arial black', 'avant garde'; font-size: 16px;\">COMIT\u00c9 SG-SST<\/span><\/p>\n[\/vc_column_text][vc_raw_html]JTVCdGFibGUlMjBpZCUzRDI3JTIwJTJGJTVE[\/vc_raw_html][\/vc_column][\/vc_row][vc_row][vc_column][vc_separator][vc_column_text css=&#8221;.vc_custom_1722479287365{margin-bottom: 0px !important;}&#8221;]\n<p style=\"text-align: center;\"><span style=\"font-family: 'arial black', 'avant garde';\"><strong><span style=\"color: #000080;\"><span style=\"font-size: 16px;\">SISTEMA INTEGRADO DE RIESGOS &#8211; SGC<\/span><\/span><\/strong><\/span><\/p>\n[\/vc_column_text][\/vc_column][\/vc_row][vc_row][vc_column][vc_raw_html]JTVCdGFibGUlMjBpZCUzRDI4JTIwJTJGJTVE[\/vc_raw_html][\/vc_column][\/vc_row][vc_row][vc_column][\/vc_column][\/vc_row]\n","protected":false},"excerpt":{"rendered":"<p>[vc_row][vc_column][mk_padding_divider size=&#8221;30&#8243;][vc_wp_text] Organigrama [\/vc_wp_text][\/vc_column][\/vc_row][vc_row fullwidth=&#8221;true&#8221; fullwidth_content=&#8221;false&#8221; equal_columns=&#8221;true&#8221; css=&#8221;.vc_custom_1663060376983{background-color: #f4f4f4 !important;border-radius: 15px !important;}&#8221;][vc_column][mk_padding_divider size=&#8221;30&#8243;][vc_single_image image=&#8221;1941&#8243; img_size=&#8221;full&#8221; alignment=&#8221;center&#8221; style=&#8221;vc_box_rounded&#8221;][vc_separator][vc_wp_text] Junta directiva [\/vc_wp_text][\/vc_column][\/vc_row][vc_row fullwidth=&#8221;true&#8221; fullwidth_content=&#8221;false&#8221; equal_columns=&#8221;true&#8221; css=&#8221;.vc_custom_1665370647841{background-color: #efefef !important;}&#8221;][vc_column width=&#8221;1\/2&#8243;][mk_padding_divider size=&#8221;30&#8243;][vc_column_text css=&#8221;.vc_custom_1722304780224{margin-bottom: 0px !important;}&#8221;]\u00bb Edgar Sierra Quiroz (Pensionado) Presidente \u00bb Wilson Roncancio Guarnizo Vicepresidente \u00bb Cesar Caviedes Cubillos (Accesorios)\u00a0 Secretario \u00bb \u00c1lvaro Garcia Maldonado (Pensionado) Principal \u00bb Jairo [&hellip;]<\/p>\n","protected":false},"author":2,"featured_media":0,"parent":785,"menu_order":0,"comment_status":"closed","ping_status":"closed","template":"","meta":{"_uag_custom_page_level_css":"","_background_id":0,"_xo_background":[],"_joinchat":[],"footnotes":""},"yoast_head":"<!-- This site is optimized with the Yoast SEO plugin v19.10 - https:\/\/yoast.com\/wordpress\/plugins\/seo\/ -->\r\n<title>Organigrama - Fepavco<\/title>\r\n<meta name=\"robots\" content=\"index, follow, max-snippet:-1, max-image-preview:large, max-video-preview:-1\" \/>\r\n<link rel=\"canonical\" href=\"https:\/\/fepavco.com\/site\/nuestro-fondo\/organigrama\/\" \/>\r\n<meta property=\"og:locale\" content=\"es_ES\" \/>\r\n<meta property=\"og:type\" content=\"article\" \/>\r\n<meta property=\"og:title\" content=\"Organigrama - Fepavco\" \/>\r\n<meta property=\"og:description\" content=\"[vc_row][vc_column][mk_padding_divider size=&#8221;30&#8243;][vc_wp_text] Organigrama [\/vc_wp_text][\/vc_column][\/vc_row][vc_row fullwidth=&#8221;true&#8221; fullwidth_content=&#8221;false&#8221; equal_columns=&#8221;true&#8221; css=&#8221;.vc_custom_1663060376983{background-color: #f4f4f4 !important;border-radius: 15px !important;}&#8221;][vc_column][mk_padding_divider size=&#8221;30&#8243;][vc_single_image image=&#8221;1941&#8243; img_size=&#8221;full&#8221; alignment=&#8221;center&#8221; style=&#8221;vc_box_rounded&#8221;][vc_separator][vc_wp_text] Junta directiva [\/vc_wp_text][\/vc_column][\/vc_row][vc_row fullwidth=&#8221;true&#8221; fullwidth_content=&#8221;false&#8221; equal_columns=&#8221;true&#8221; css=&#8221;.vc_custom_1665370647841{background-color: #efefef !important;}&#8221;][vc_column width=&#8221;1\/2&#8243;][mk_padding_divider size=&#8221;30&#8243;][vc_column_text css=&#8221;.vc_custom_1722304780224{margin-bottom: 0px !important;}&#8221;]\u00bb Edgar Sierra Quiroz (Pensionado) Presidente \u00bb Wilson Roncancio Guarnizo Vicepresidente \u00bb Cesar Caviedes Cubillos (Accesorios)\u00a0 Secretario \u00bb \u00c1lvaro Garcia Maldonado (Pensionado) Principal \u00bb Jairo [&hellip;]\" \/>\r\n<meta property=\"og:url\" content=\"https:\/\/fepavco.com\/site\/nuestro-fondo\/organigrama\/\" \/>\r\n<meta property=\"og:site_name\" content=\"Fepavco\" \/>\r\n<meta property=\"article:modified_time\" content=\"2024-09-25T02:45:21+00:00\" \/>\r\n<meta name=\"twitter:card\" content=\"summary_large_image\" \/>\r\n<meta name=\"twitter:label1\" content=\"Tiempo estimado de lectura\" \/>\n\t<meta name=\"twitter:data1\" content=\"3 minutos\" \/>\r\n<script type=\"application\/ld+json\" class=\"yoast-schema-graph\">{\"@context\":\"https:\/\/schema.org\",\"@graph\":[{\"@type\":\"WebPage\",\"@id\":\"https:\/\/fepavco.com\/site\/nuestro-fondo\/organigrama\/\",\"url\":\"https:\/\/fepavco.com\/site\/nuestro-fondo\/organigrama\/\",\"name\":\"Organigrama - Fepavco\",\"isPartOf\":{\"@id\":\"https:\/\/fepavco.com\/site\/#website\"},\"datePublished\":\"2019-02-21T14:34:06+00:00\",\"dateModified\":\"2024-09-25T02:45:21+00:00\",\"breadcrumb\":{\"@id\":\"https:\/\/fepavco.com\/site\/nuestro-fondo\/organigrama\/#breadcrumb\"},\"inLanguage\":\"es-CO\",\"potentialAction\":[{\"@type\":\"ReadAction\",\"target\":[\"https:\/\/fepavco.com\/site\/nuestro-fondo\/organigrama\/\"]}]},{\"@type\":\"BreadcrumbList\",\"@id\":\"https:\/\/fepavco.com\/site\/nuestro-fondo\/organigrama\/#breadcrumb\",\"itemListElement\":[{\"@type\":\"ListItem\",\"position\":1,\"name\":\"Inicio\",\"item\":\"https:\/\/fepavco.com\/site\/\"},{\"@type\":\"ListItem\",\"position\":2,\"name\":\"Nuestro Fondo\",\"item\":\"https:\/\/fepavco.com\/site\/nuestro-fondo\/\"},{\"@type\":\"ListItem\",\"position\":3,\"name\":\"Organigrama\"}]},{\"@type\":\"WebSite\",\"@id\":\"https:\/\/fepavco.com\/site\/#website\",\"url\":\"https:\/\/fepavco.com\/site\/\",\"name\":\"Fepavco\",\"description\":\"&quot;\u00a1Bienvenido a Fepavco Fondo de Empleados! Descubre c\u00f3mo mejorar tus finanzas y bienestar laboral con nuestros servicios y beneficios. \u00a1\u00danete a nuestra familia y potencia tu crecimiento profesional hoy mismo!&quot;\",\"potentialAction\":[{\"@type\":\"SearchAction\",\"target\":{\"@type\":\"EntryPoint\",\"urlTemplate\":\"https:\/\/fepavco.com\/site\/?s={search_term_string}\"},\"query-input\":\"required name=search_term_string\"}],\"inLanguage\":\"es-CO\"}]}<\/script>\r\n<!-- \/ Yoast SEO plugin. -->","yoast_head_json":{"title":"Organigrama - Fepavco","robots":{"index":"index","follow":"follow","max-snippet":"max-snippet:-1","max-image-preview":"max-image-preview:large","max-video-preview":"max-video-preview:-1"},"canonical":"https:\/\/fepavco.com\/site\/nuestro-fondo\/organigrama\/","og_locale":"es_ES","og_type":"article","og_title":"Organigrama - Fepavco","og_description":"[vc_row][vc_column][mk_padding_divider size=&#8221;30&#8243;][vc_wp_text] Organigrama [\/vc_wp_text][\/vc_column][\/vc_row][vc_row fullwidth=&#8221;true&#8221; fullwidth_content=&#8221;false&#8221; equal_columns=&#8221;true&#8221; css=&#8221;.vc_custom_1663060376983{background-color: #f4f4f4 !important;border-radius: 15px !important;}&#8221;][vc_column][mk_padding_divider size=&#8221;30&#8243;][vc_single_image image=&#8221;1941&#8243; img_size=&#8221;full&#8221; alignment=&#8221;center&#8221; style=&#8221;vc_box_rounded&#8221;][vc_separator][vc_wp_text] Junta directiva [\/vc_wp_text][\/vc_column][\/vc_row][vc_row fullwidth=&#8221;true&#8221; fullwidth_content=&#8221;false&#8221; equal_columns=&#8221;true&#8221; css=&#8221;.vc_custom_1665370647841{background-color: #efefef !important;}&#8221;][vc_column width=&#8221;1\/2&#8243;][mk_padding_divider size=&#8221;30&#8243;][vc_column_text css=&#8221;.vc_custom_1722304780224{margin-bottom: 0px !important;}&#8221;]\u00bb Edgar Sierra Quiroz (Pensionado) Presidente \u00bb Wilson Roncancio Guarnizo Vicepresidente \u00bb Cesar Caviedes Cubillos (Accesorios)\u00a0 Secretario \u00bb \u00c1lvaro Garcia Maldonado (Pensionado) Principal \u00bb Jairo [&hellip;]","og_url":"https:\/\/fepavco.com\/site\/nuestro-fondo\/organigrama\/","og_site_name":"Fepavco","article_modified_time":"2024-09-25T02:45:21+00:00","twitter_card":"summary_large_image","twitter_misc":{"Tiempo estimado de lectura":"3 minutos"},"schema":{"@context":"https:\/\/schema.org","@graph":[{"@type":"WebPage","@id":"https:\/\/fepavco.com\/site\/nuestro-fondo\/organigrama\/","url":"https:\/\/fepavco.com\/site\/nuestro-fondo\/organigrama\/","name":"Organigrama - Fepavco","isPartOf":{"@id":"https:\/\/fepavco.com\/site\/#website"},"datePublished":"2019-02-21T14:34:06+00:00","dateModified":"2024-09-25T02:45:21+00:00","breadcrumb":{"@id":"https:\/\/fepavco.com\/site\/nuestro-fondo\/organigrama\/#breadcrumb"},"inLanguage":"es-CO","potentialAction":[{"@type":"ReadAction","target":["https:\/\/fepavco.com\/site\/nuestro-fondo\/organigrama\/"]}]},{"@type":"BreadcrumbList","@id":"https:\/\/fepavco.com\/site\/nuestro-fondo\/organigrama\/#breadcrumb","itemListElement":[{"@type":"ListItem","position":1,"name":"Inicio","item":"https:\/\/fepavco.com\/site\/"},{"@type":"ListItem","position":2,"name":"Nuestro Fondo","item":"https:\/\/fepavco.com\/site\/nuestro-fondo\/"},{"@type":"ListItem","position":3,"name":"Organigrama"}]},{"@type":"WebSite","@id":"https:\/\/fepavco.com\/site\/#website","url":"https:\/\/fepavco.com\/site\/","name":"Fepavco","description":"&quot;\u00a1Bienvenido a Fepavco Fondo de Empleados! Descubre c\u00f3mo mejorar tus finanzas y bienestar laboral con nuestros servicios y beneficios. \u00a1\u00danete a nuestra familia y potencia tu crecimiento profesional hoy mismo!&quot;","potentialAction":[{"@type":"SearchAction","target":{"@type":"EntryPoint","urlTemplate":"https:\/\/fepavco.com\/site\/?s={search_term_string}"},"query-input":"required name=search_term_string"}],"inLanguage":"es-CO"}]}},"uagb_featured_image_src":{"full":false,"thumbnail":false,"medium":false,"medium_large":false,"large":false,"1536x1536":false,"2048x2048":false,"image-size-150x150":false,"image-size-550x550":false,"image-size-550x550-@2x":false,"photo-album-thumbnail-small":false,"photo-album-thumbnail-square":false,"employees-large":false,"employees-small":false,"blog-magazine-thumbnail":false,"blog-magazine-thumbnail-@2x":false,"woocommerce-recent-carousel":false,"blog-carousel":false,"blog-carousel-@2x":false,"blog-showcase":false,"blog-showcase-@2x":false,"portfolio-x_x":false,"portfolio-two_x_x":false,"portfolio-four_x_x":false,"portfolio-x_two_x":false,"portfolio-two_x_two_x":false,"portfolio-three_x_two_x":false,"portfolio-three_x_x":false,"portfolio-four_x_two_x":false,"portfolio-x_x-@2x":false,"portfolio-two_x_x-@2x":false,"portfolio-four_x_x-@2x":false,"portfolio-x_two_x-@2x":false,"portfolio-two_x_two_x-@2x":false,"portfolio-three_x_x-@2x":false,"portfolio-three_x_two_x-@2x":false,"portfolio-four_x_two_x-@2x":false,"portfolio-four_x_x-@mobile":false,"portfolio-three_x_x-@mobile":false,"portfolio-three_x_two_x-@mobile":false,"portfolio-four_x_two_x-@mobile":false,"landscape-desktop":false,"landscape-tablet":false,"landscape-mobile":false,"portrait-desktop":false,"portrait-tablet":false,"portrait-mobile":false},"uagb_author_info":{"display_name":"sistemasfepavco","author_link":"https:\/\/fepavco.com\/site\/author\/sistemasfepavco\/"},"uagb_comment_info":0,"uagb_excerpt":"[vc_row][vc_column][mk_padding_divider size=&#8221;30&#8243;][vc_wp_text] Organigrama [\/vc_wp_text][\/vc_column][\/vc_row][vc_row fullwidth=&#8221;true&#8221; fullwidth_content=&#8221;false&#8221; equal_columns=&#8221;true&#8221; css=&#8221;.vc_custom_1663060376983{background-color: #f4f4f4 !important;border-radius: 15px !important;}&#8221;][vc_column][mk_padding_divider size=&#8221;30&#8243;][vc_single_image image=&#8221;1941&#8243; img_size=&#8221;full&#8221; alignment=&#8221;center&#8221; style=&#8221;vc_box_rounded&#8221;][vc_separator][vc_wp_text] Junta directiva [\/vc_wp_text][\/vc_column][\/vc_row][vc_row fullwidth=&#8221;true&#8221; fullwidth_content=&#8221;false&#8221; equal_columns=&#8221;true&#8221; css=&#8221;.vc_custom_1665370647841{background-color: #efefef !important;}&#8221;][vc_column width=&#8221;1\/2&#8243;][mk_padding_divider size=&#8221;30&#8243;][vc_column_text css=&#8221;.vc_custom_1722304780224{margin-bottom: 0px !important;}&#8221;]\u00bb Edgar Sierra Quiroz (Pensionado) Presidente \u00bb Wilson Roncancio Guarnizo Vicepresidente \u00bb Cesar Caviedes Cubillos (Accesorios)\u00a0 Secretario \u00bb \u00c1lvaro Garcia Maldonado (Pensionado) Principal \u00bb Jairo&hellip;","_links":{"self":[{"href":"https:\/\/fepavco.com\/site\/wp-json\/wp\/v2\/pages\/43"}],"collection":[{"href":"https:\/\/fepavco.com\/site\/wp-json\/wp\/v2\/pages"}],"about":[{"href":"https:\/\/fepavco.com\/site\/wp-json\/wp\/v2\/types\/page"}],"author":[{"embeddable":true,"href":"https:\/\/fepavco.com\/site\/wp-json\/wp\/v2\/users\/2"}],"replies":[{"embeddable":true,"href":"https:\/\/fepavco.com\/site\/wp-json\/wp\/v2\/comments?post=43"}],"version-history":[{"count":32,"href":"https:\/\/fepavco.com\/site\/wp-json\/wp\/v2\/pages\/43\/revisions"}],"predecessor-version":[{"id":1943,"href":"https:\/\/fepavco.com\/site\/wp-json\/wp\/v2\/pages\/43\/revisions\/1943"}],"up":[{"embeddable":true,"href":"https:\/\/fepavco.com\/site\/wp-json\/wp\/v2\/pages\/785"}],"wp:attachment":[{"href":"https:\/\/fepavco.com\/site\/wp-json\/wp\/v2\/media?parent=43"}],"curies":[{"name":"wp","href":"https:\/\/api.w.org\/{rel}","templated":true}]}}